{"id":41,"date":"2012-07-15T16:09:14","date_gmt":"2012-07-15T16:09:14","guid":{"rendered":"http:\/\/www.lotorpsmassage.se\/?page_id=41"},"modified":"2016-06-13T08:13:08","modified_gmt":"2016-06-13T08:13:08","slug":"thoracal-mobilisering-andningsterapi","status":"publish","type":"page","link":"https:\/\/www.lotorpsmassage.se\/?page_id=41","title":{"rendered":"Thoracal mobilisering &#8211; Andningsterapi"},"content":{"rendered":"<p><strong>Andningsterapi<\/strong><\/p>\n<p>Alla k\u00e4nner ju till den stress och j\u00e4kt som f\u00f6rekommer i samh\u00e4llet idag, inte bara p\u00e5 arbetet utan ocks\u00e5 p\u00e5 fritiden. Allting g\u00e5r fortare och fortare, informationsfl\u00f6det \u00f6ser \u00f6ver oss och det finns inte en chans att komma undan. Vi fungerar s\u00e5 att vi tar in och bearbetar \u00e4ven o\u00f6nskad information. M\u00e5nga m\u00e4nniskor m\u00e5r d\u00e5ligt av det snabba tempo som stressar upp kroppen och framf\u00f6rallt andningen.<\/p>\n<p>Andningen p\u00e5verkar syres\u00e4ttningen av blodet som i sin tur skall f\u00f6rse muskler i hela kroppen med syre. D\u00e5 muskler inte f\u00e5r det syre de beh\u00f6ver s\u00e5 fungerar de inte lika bra, krampande, stela och onda drar de i sina f\u00e4sten. V\u00e5r speciella metod att arbeta med andningens muskulatur har visat sig ha mycket goda effekter p\u00e5 stress och h\u00f6g andning. Begreppet manuell medicin ska placera Lotorp p\u00e5 den medicinska kartan. Massageterapeuten Janne Karlsson kombinerar massage och andnings\u00f6vningar under arbetsnamnet Lotorpsmetoden.<\/p>\n<p>&#8211; <em>Jag har lyckats behandla patienter med astmaliknande symptom som jag sj\u00e4lv inte trodde fanns. Jag \u00e4r lika f\u00f6rv\u00e5nad som patienterna som i vissa fall haft besv\u00e4r i 20-30 \u00e5r<\/em>, s\u00e4ger massageterapeuten Janne Karlsson i Lotorp, som f\u00f6rklarar begreppet manuell medicin med att hj\u00e4lpa kroppen p\u00e5 traven utan luftr\u00f6rsvidgande medicin och cortisonpreparat.<\/p>\n<p>Hans metoder \u00e4r inte unika. Hemligheten bygger p\u00e5 kombinationen av massage och andnings\u00f6vningar. Genom att stimulera, massera och jobba med br\u00f6stkorg, andning och magmuskler f\u00e5r han patienterna att t\u00f6mma lungorna.<\/p>\n<p><strong>Tobaksr\u00f6k och dofter.<\/strong><br \/>\nHan f\u00f6rklarar att lungorna \u00e4r kroppens reningsverk. N\u00e4r en m\u00e4nniska bara andas med h\u00e4lften av lungkapaciteten blir skr\u00e4pet kvar. Kroppen f\u00f6rs\u00f6ker d\u00e5 skydda sig genom att reagera negativt p\u00e5 parfym, tobaksr\u00f6k och starka dofter.<br \/>\n&#8211; Det roliga \u00e4r att f\u00f6r\u00e4ndringarna och de goda resultaten kommer direkt.<\/p>\n<p><strong>Drabbar sociala livet \u00a0 <\/strong><br \/>\nAndra besv\u00e4r som uppkommer n\u00e4r patienterna uts\u00e4tts f\u00f6r tobaksr\u00f6k och starka dofter \u00e4r yrsel, stickningar i fingrar, irriterade \u00f6gon, magbesv\u00e4r samt kalla h\u00e4nder och f\u00f6tter. Reaktionerna vid fysisk aktivitet och mental stress \u00e4r likv\u00e4rdiga oberoende av tid p\u00e5 dagen eller \u00e5rstid. \u00a0 &#8211; Det sociala livet blir lidande n\u00e4r man inte kan g\u00e5 ut och dansa eller g\u00e5 p\u00e5 restaurang. M\u00e5nga patienter har m\u00e5tt j\u00e4tted\u00e5ligt. Tidigare har det inte funnits n\u00e5gra behandlingsformer att erbjuda n\u00e4r folk klagat p\u00e5 att de inte f\u00e5r tillr\u00e4ckligt med luft, har sv\u00e5rt att andas och hostar slem. Janne Karlsson ing\u00e5r i ett n\u00e4tverk med \u00e5tta mass\u00f6rer i Lotorp, Norrk\u00f6ping och Motala som jobbar med Lotorpsmetoden. Gruppen diskuterar nyanst\u00e4llningar f\u00f6r att m\u00f6ta reaktionerna. De senaste \u00e5ren har flertalet patienter s\u00f6kt hj\u00e4lp f\u00f6r stressrelaterade symptom. Efter hand kom vissa patienter tillbaka och p\u00e5pekade att problemen minskat redan efter sex veckor.<br \/>\nN\u00e5gra hade till och med slutat ta medicin.<br \/>\n<em>&#8211; N\u00e4r jag f\u00e5tt ihop \u00e5tta ber\u00e4ttelser skickade jag dem till Astma- och Allergif\u00f6rbundet. \u00a0 Jag fick senare kontakt med Olle L\u00f6whagen i G\u00f6teborg som h\u00f6ll i en pilotstudie med personer med astmalika symptom som trots h\u00f6g medicinering inte lyckats komma tillr\u00e4tta med problemen.<br \/>\n<\/em><br \/>\n<strong>&#8221;Kan vara bra&#8221; \u00a0 <\/strong><br \/>\nOlle L\u00f6whagen \u00e4r professor inom allergimedicin p\u00e5 Sahlgrenska Universitetssjukhuset i G\u00f6teborg. Han ber\u00e4ttar att 10-20 procent av alla svenskar mer eller mindre har andningsbesv\u00e4r eller hosta. Lotorpsmodellen kan vara en bra v\u00e4g att komma tillr\u00e4tta med besv\u00e4ren. \u00a0 &#8211; Janne Karlsson tacklar det h\u00e4r bra och v\u00e5gar sl\u00e5 an en annan ton, s\u00e4ger Olle L\u00f6whagen. \u00a0 Han tycker att sjukgymnastik, massage och andra icke medicinska behandlingar \u00e4r satta p\u00e5 undantag. \u00a0 &#8211; F\u00f6rr i v\u00e4rlden tog vi i patienten. I dag f\u00e5r du instruktioner p\u00e5 sjukhuset vad du kan g\u00f6ra hemma eller att du ska andas s\u00e5 och s\u00e5, s\u00e4ger Olle L\u00f6whagen.<\/p>\n<p><strong>Patienter n\u00f6jda med metoden<\/strong><br \/>\nPatienter med andningsbesv\u00e4r \u00e4r n\u00f6jda med Lotorpsmetoden. \u00a0 Janne Karlsson har samlat patientbreven i en s\u00e4rskild mapp p\u00e5 f\u00f6retaget i Lotorp. nedan kan du l\u00e4sa ett av alla patientbrev. En kvinna i 50-\u00e5rs\u00e5ldern har haft diagnosen astma i 14 \u00e5r plus nickel- och parfymallergi. Hon hostar slem dag och natt och fasade tidigare f\u00f6r att vistas i stora samlingslokaler. Hennes f\u00f6rkylningar str\u00e4ckte sig \u00f6ver tv\u00e5 m\u00e5nader och behandlades med cortisonpreparat. V\u00e4ndningen kom n\u00e4r Janne Karlsson l\u00e4rde henne att andas r\u00e4tt och att andas ut ordentligt. Resultatet blev f\u00f6r\u00e4ndrad astmabild, ingen hosta och avslutad medicinering.<br \/>\nKOL-patienten G\u00f6ran har g\u00e5tt fr\u00e5n m\u00f6rkret till ljuset sedan han b\u00f6rjade behandlas med Lotorpsmetoden.<\/p>\n<p>KOL-patienten G\u00f6ran Karlsson, 72, har regelbundet f\u00e5r hj\u00e4lp av massageterapeuten Janne Karlsson. G\u00f6ran Karlsson ser Lotorpsmetoden som ett bra komplement till traditionell sjukv\u00e5rd och medicinering.<br \/>\n<em>&#8211; Det \u00e4r stor skillnad hur jag m\u00e5r nu och n\u00e4r jag b\u00f6rjade \u00e5ka till Lotorp och f\u00e5 massage var tredje vecka. Jag var f\u00f6rst skeptisk, men nu \u00e4r det som att komma fr\u00e5n m\u00f6rkret till ljuset.<\/em><\/p>\n<p>Metoderna som Lotorpsmetoden bygger p\u00e5 \u00e4r inte unika. Hemligheten \u00e4r kombinationen av massage och andnings\u00f6vningar. Genom att stimulera, massera och jobba med br\u00f6stkorg, andning och magmuskler f\u00e5r Janne Karlsson patienterna att t\u00f6mma lungorna.<br \/>\n<em>&#8211; Han b\u00f6rjar med att massera ryggen och forts\u00e4tter med midjan, diafragman och br\u00f6stkorgen. F\u00f6rsta g\u00e5ngen jag fick massage gjorde det ont. Kroppen k\u00e4ndes stel som en pl\u00e5tkabin.<\/em><\/p>\n<p>Den gamle byggnads- och tr\u00e4arbetaren G\u00f6ran Karlsson \u00e4r sjukpension\u00e4r sedan snart 20 \u00e5r tillbaka och har diagnosen KOL. Under yrkes\u00e5ren r\u00f6kte han pipa och jobbade en period med att t\u00e4ta husv\u00e4ggar med fogskum. Skummet visade sig framkalla astma, emfysem och kronisk bronkit trots att det till en b\u00f6rjan ans\u00e5gs ofarligt.<\/p>\n<p><em> &#8211; Vi uppmanades att dricka mj\u00f6lk, men det gjorde bara slemmet tjockare.<\/em> G\u00f6ran Karlsson liknar sjukdomen med att en vanlig m\u00e4nniska tvingas andas genom ett halmstr\u00e5. Starka dofter och parfymer g\u00f6r att det k\u00e4nns som om lungorna drar ihop sig och ett spj\u00e4ll st\u00e4ngs i halsen. F\u00f6rr kunde han st\u00e5 och hosta slem halvtimmesvis. Numera kan det g\u00e5 tio dagar mellan hostattackerna samtidigt som natts\u00f6mnen successivt blivit b\u00e4ttre.\u00a0 Under ett \u00e5rs behandling med Lotorpsmetoden har G\u00f6ran Karlssons genomsnittliga lungkapacitet \u00f6kat med 50 enheter (fr\u00e5n 270 till 320 enligt PEF-v\u00e4rdena) Lungkapacitet m\u00e4ts i liter per minut.\u00a0En frisk m\u00e4nniska bl\u00e5ser mellan 500-700 liter luft per minut.<\/p>\n<p>Utbilda dig till friskv\u00e5rdsmass\u00f6r eller du som redan \u00e4r mass\u00f6r vidareutbilda dig inom andningsterapi. Bes\u00f6k Bergqvist Massage &amp; Friskv\u00e5rdsutbildningar som arrangerar massageutbildningar.<\/p>\n","protected":false},"excerpt":{"rendered":"<p>Andningsterapi Alla k\u00e4nner ju till den stress och j\u00e4kt som f\u00f6rekommer i samh\u00e4llet idag, inte bara p\u00e5 arbetet utan ocks\u00e5 p\u00e5 fritiden. Allting g\u00e5r fortare och fortare, informationsfl\u00f6det \u00f6ser \u00f6ver oss och det finns inte en chans att komma undan. Vi fungerar s\u00e5 att vi tar in och bearbetar \u00e4ven o\u00f6nskad information. M\u00e5nga m\u00e4nniskor m\u00e5r &hellip; <\/p>\n<p class=\"link-more\"><a href=\"https:\/\/www.lotorpsmassage.se\/?page_id=41\" class=\"more-link\">Forts\u00e4tt l\u00e4sa<span class=\"screen-reader-text\"> \u201dThoracal mobilisering &#8211; Andningsterapi\u201d<\/span><\/a><\/p>\n","protected":false},"author":1,"featured_media":0,"parent":0,"menu_order":0,"comment_status":"closed","ping_status":"closed","template":"","meta":[],"_links":{"self":[{"href":"https:\/\/www.lotorpsmassage.se\/index.php?rest_route=\/wp\/v2\/pages\/41"}],"collection":[{"href":"https:\/\/www.lotorpsmassage.se\/index.php?rest_route=\/wp\/v2\/pages"}],"about":[{"href":"https:\/\/www.lotorpsmassage.se\/index.php?rest_route=\/wp\/v2\/types\/page"}],"author":[{"embeddable":true,"href":"https:\/\/www.lotorpsmassage.se\/index.php?rest_route=\/wp\/v2\/users\/1"}],"replies":[{"embeddable":true,"href":"https:\/\/www.lotorpsmassage.se\/index.php?rest_route=%2Fwp%2Fv2%2Fcomments&post=41"}],"version-history":[{"count":12,"href":"https:\/\/www.lotorpsmassage.se\/index.php?rest_route=\/wp\/v2\/pages\/41\/revisions"}],"predecessor-version":[{"id":244,"href":"https:\/\/www.lotorpsmassage.se\/index.php?rest_route=\/wp\/v2\/pages\/41\/revisions\/244"}],"wp:attachment":[{"href":"https:\/\/www.lotorpsmassage.se\/index.php?rest_route=%2Fwp%2Fv2%2Fmedia&parent=41"}],"curies":[{"name":"wp","href":"https:\/\/api.w.org\/{rel}","templated":true}]}}