{"id":617,"date":"2022-01-17T14:29:50","date_gmt":"2022-01-17T14:29:50","guid":{"rendered":"http:\/\/www.lotorpsmassage.se\/?page_id=617"},"modified":"2023-07-24T12:45:00","modified_gmt":"2023-07-24T12:45:00","slug":"vara-behandlingar","status":"publish","type":"page","link":"https:\/\/www.lotorpsmassage.se\/?page_id=617","title":{"rendered":"V\u00e5ra behandlingar"},"content":{"rendered":"\n<p><strong>Massageterapi<\/strong><\/p>\n\n\n\n<p>Som certifierade mass\u00f6rer har vi blivit utbildade i kroppens anatomi. Djupg\u00e5ende kunskaper i hur kroppens leder, nervbanor, muskler och skelett ser ut under hunden, samt hur de p\u00e5verkar varandra vid r\u00f6relse.<\/p>\n\n\n\n<p>Dessa kunskaper anv\u00e4nder vi oss av vid massageterapi som g\u00e5r ut p\u00e5 att behandla kroppen vid sm\u00e4rta, eller stelhet. V\u00e5ra kroppar \u00e4r fantastiska, men utan kunskap sv\u00e5ra att f\u00f6rst\u00e5 sig p\u00e5. En sm\u00e4rtande h\u00e4l kan bero p\u00e5 en stel vad, eller muskler i s\u00e4tet som arbetar fel och det \u00e4r just dessa kunskaper som g\u00f6r mass\u00f6rer duktiga p\u00e5 att behandla. Mass\u00f6ren st\u00e4ller fr\u00e5gor och unders\u00f6ker vad k\u00e4llan till problemen \u00e4r och l\u00e4gger d\u00e4refter upp en plan f\u00f6r hur massagen ska l\u00e4ggas upp och hur patienten ska behandlas. Kanske beh\u00f6ver patienten rentav tr\u00e4ffa l\u00e4kare ist\u00e4llet, eller f\u00e5 tips att bes\u00f6ka en personlig tr\u00e4nare som kan hj\u00e4lpa till att skapa ex r\u00f6rlighet och styrka i kroppen.<\/p>\n\n\n\n<p><\/p>\n\n\n\n<p><strong>Andningsbehandling<\/strong>, Lotorpsmetoden<\/p>\n\n\n\n<p>Denna behandling g\u00e5r ut p\u00e5 att tillgodose kroppen med syre.  Genom att f\u00e5 br\u00f6stkorgen i r\u00f6relse och t\u00f6mma lungorna blir syres\u00e4ttningen b\u00e4ttre. I dagens stressfyllda samh\u00e4lle \u00e4r det m\u00e5nga som lider av en bristande andning och man kan beh\u00f6va hj\u00e4lp med att mjuka upp musklerna som \u00e4r inkopplade vid andningen, speciellt om man har haft besv\u00e4r en l\u00e4ngre tid.  N\u00e4r du kommer till oss f\u00f6r en andningsbehandling m\u00e4ter vi f\u00f6rst din andning varp\u00e5 vi behandlar br\u00f6stkorgen med klassisk massage, utf\u00f6r viss triggerpunktsbehandling (uppl\u00f6sande av muskelknutor med hj\u00e4lp av tryck) samt utf\u00f6r t\u00f6jningar. Sist men inte minst l\u00e4r vi patienten hur han eller hon ska andas och vi m\u00e4ter andningen efter\u00e5t (skillnaden brukar vara markant). Denna behandling \u00e4r framf\u00f6rallt bra om du lider av ex:<\/p>\n\n\n\n<ul><li>Andningssv\u00e5righeter<\/li><li>Hosta<\/li><li>Doft &#8211; och parfymallergi<\/li><li>Astmaliknande tillst\u00e5nd<\/li><\/ul>\n\n\n\n<p>Viktigt att till\u00e4gga \u00e4r att under denna behandling masserar vi br\u00f6stkorgen, vilket inneb\u00e4r att en topp, eller en BH hamnar i v\u00e4gen. Patienten \u00e4r normalt sett naken p\u00e5 \u00f6verkroppen under behandlingen, men om man upplever detta som obehagligt g\u00e5r det bra att s\u00e4ga till s\u00e5 anpassar vi oss efter kundens \u00f6nskem\u00e5l.<\/p>\n\n\n\n<p><\/p>\n\n\n\n<p><strong>Laserbehandling<\/strong><\/p>\n\n\n\n<p>Du vet v\u00e4l att vi \u00e4ven erbjuder laserbehandling hos oss p\u00e5 Lotorps Massage &amp; Friskv\u00e5rd? Samtliga mass\u00f6rer har g\u00e5tt utbildning hos Svenska Laseragenturen och vi \u00e4r mycket glada \u00f6ver att kunna erbjuda v\u00e5ra kunder denna behandlingsform.&nbsp;Laserterapi har blivit allt vanligare de senaste \u00e5ren. Det \u00e4r en bepr\u00f6vad metod som har bevisad sm\u00e4rtlindrande effekt. Med laserljus stimuleras kroppens celler och den naturliga l\u00e4kningsprocessen stimuleras, s\u00e5 att kroppen snabbare kan \u00e5terh\u00e4mta sig. Ljuset lindrar \u00e4ven sm\u00e4rta och inflammation.&nbsp;Laser kan anv\u00e4ndas f\u00f6r att lindra b\u00e5de kroniska, inflammatoriska och akuta besv\u00e4r som bl.a.<\/p>\n\n\n\n<ul><li>Nacksm\u00e4rta <\/li><li>Tennisarmb\u00e5ge <\/li><li>Artros <\/li><li>H\u00e4lsporre <\/li><li>Nacksm\u00e4rta <\/li><li>Nacksp\u00e4rr <\/li><li>Ryggskott <\/li><li>Diskbr\u00e5ck&nbsp;<\/li><\/ul>\n\n\n\n<p>Behandlingen tar mellan 5 till 10 minuter, d\u00e4r massageterapeuten belyser olika punkter kring sm\u00e4rtomr\u00e5det. Ibland kan det beh\u00f6vas fler behandlingar. Det g\u00e5r bra att mixa in en laserbehandling kostnadsfritt i din vanliga massagetid, annars kan du boka endast laserbehandling, 15 minuter f\u00f6r 300 kr.<\/p>\n\n\n\n<p><\/p>\n\n\n\n<p><br>V\u00e4lkommen att boka en tid hos oss!<\/p>\n","protected":false},"excerpt":{"rendered":"<p>Massageterapi Som certifierade mass\u00f6rer har vi blivit utbildade i kroppens anatomi. Djupg\u00e5ende kunskaper i hur kroppens leder, nervbanor, muskler och skelett ser ut under hunden, samt hur de p\u00e5verkar varandra vid r\u00f6relse. Dessa kunskaper anv\u00e4nder vi oss av vid massageterapi som g\u00e5r ut p\u00e5 att behandla kroppen vid sm\u00e4rta, eller stelhet. V\u00e5ra kroppar \u00e4r fantastiska, &hellip; <\/p>\n<p class=\"link-more\"><a href=\"https:\/\/www.lotorpsmassage.se\/?page_id=617\" class=\"more-link\">Forts\u00e4tt l\u00e4sa<span class=\"screen-reader-text\"> \u201dV\u00e5ra behandlingar\u201d<\/span><\/a><\/p>\n","protected":false},"author":1,"featured_media":0,"parent":0,"menu_order":0,"comment_status":"closed","ping_status":"closed","template":"","meta":[],"_links":{"self":[{"href":"https:\/\/www.lotorpsmassage.se\/index.php?rest_route=\/wp\/v2\/pages\/617"}],"collection":[{"href":"https:\/\/www.lotorpsmassage.se\/index.php?rest_route=\/wp\/v2\/pages"}],"about":[{"href":"https:\/\/www.lotorpsmassage.se\/index.php?rest_route=\/wp\/v2\/types\/page"}],"author":[{"embeddable":true,"href":"https:\/\/www.lotorpsmassage.se\/index.php?rest_route=\/wp\/v2\/users\/1"}],"replies":[{"embeddable":true,"href":"https:\/\/www.lotorpsmassage.se\/index.php?rest_route=%2Fwp%2Fv2%2Fcomments&post=617"}],"version-history":[{"count":9,"href":"https:\/\/www.lotorpsmassage.se\/index.php?rest_route=\/wp\/v2\/pages\/617\/revisions"}],"predecessor-version":[{"id":704,"href":"https:\/\/www.lotorpsmassage.se\/index.php?rest_route=\/wp\/v2\/pages\/617\/revisions\/704"}],"wp:attachment":[{"href":"https:\/\/www.lotorpsmassage.se\/index.php?rest_route=%2Fwp%2Fv2%2Fmedia&parent=617"}],"curies":[{"name":"wp","href":"https:\/\/api.w.org\/{rel}","templated":true}]}}